{"id":169,"date":"2015-12-20T07:19:18","date_gmt":"2015-12-20T07:19:18","guid":{"rendered":"http:\/\/webredox.net\/demo\/wp\/dogma\/demo1\/?page_id=169"},"modified":"2023-05-19T10:07:26","modified_gmt":"2023-05-19T10:07:26","slug":"contact","status":"publish","type":"page","link":"http:\/\/s-creative.vn\/sc2\/index.php\/contact\/","title":{"rendered":"Li\u00ean h\u1ec7"},"content":{"rendered":"<p>[vc_row][vc_column][wr_vc_coninfos enablemap=&#8221;st2&#8243; title=&#8221;Contacts&#8221; wrtext=&#8221;LI\u00caN H\u1ec6 NGAY V\u1edaI CH\u00daNG T\u00d4I \u0110\u1ec2 NH\u1eacN B\u00c1O GI\u00c1 THI\u1ebeT K\u1ebe &amp; THI C\u00d4NG.&#8221; contf=&#8221;`{`contact-form-7 id=&#8220;308&#8220; title=&#8220;Contact form 1&#8220;`}`&#8221; buttontext=&#8221;WRITE US&#8221; style=&#8221;&#8220;border: 0;&#8221; src=&#8221;&#8220;https:\/\/www.google.com\/maps\/embed?pb=!1m22!1m8!1m3!1d3919.6912281803093!2d106.68579641480059!3d10.758263092333845!3m2!1i1024!2i768!4f13.1!4m11!3e6!4m3!3m2!1d10.757144499999999!2d106.6880844!4m5!1s0x317529d278a7dc4b%3A0xc55183fc8bd3afeb!2ss%20creative!3m2!1d10.7593207!2d106.68805239999999!5e0!3m2!1svi!2s!4v1617080751879!5m2!1svi!2s&#8220;&#8221; width=&#8221;&#8220;600&#8220;&#8221; height=&#8221;&#8220;450&#8220;&#8221; image=&#8221;766&#8243;][wr_vc_coninfo title=&#8221;ADDRESS&#8221; deatils=&#8221;328 Vo Van Kiet St, Co Giang Ward, District 1, Ho Chi Minh City, Vietnam&#8221; style=&#8221;&#8220;border: 0;&#8221; src=&#8221;&#8220;https:\/\/www.google.com\/maps\/embed?pb=!1m22!1m8!1m3!1d3919.6912281803093!2d106.68579641480059!3d10.758263092333845!3m2!1i1024!2i768!4f13.1!4m11!3e6!4m3!3m2!1d10.757144499999999!2d106.6880844!4m5!1s0x317529d278a7dc4b%3A0xc55183fc8bd3afeb!2ss%20creative!3m2!1d10.7593207!2d106.68805239999999!5e0!3m2!1svi!2s!4v1617080751879!5m2!1svi!2s&#8220;&#8221; width=&#8221;&#8220;600&#8220;&#8221; height=&#8221;&#8220;450&#8220;&#8221;][wr_vc_coninfo title=&#8221;PHONE&#8221; deatils=&#8221;+(84) 903.701.075&#8243;][wr_vc_coninfo title=&#8221;E-MAIL&#8221; deatils=&#8221;info@s-creative.vn&#8221;][\/wr_vc_coninfos][\/vc_column][\/vc_row]<\/p>\n","protected":false},"excerpt":{"rendered":"<p>[vc_row][vc_column][wr_vc_coninfos enablemap=&#8221;st2&#8243; title=&#8221;Contacts&#8221; wrtext=&#8221;LI\u00caN H\u1ec6 NGAY V\u1edaI CH\u00daNG T\u00d4I \u0110\u1ec2 NH\u1eacN B\u00c1O GI\u00c1 THI\u1ebeT K\u1ebe &amp; THI C\u00d4NG.&#8221; contf=&#8221;`{`contact-form-7 id=&#8220;308&#8220; title=&#8220;Contact form 1&#8220;`}`&#8221; buttontext=&#8221;WRITE US&#8221; style=&#8221;&#8220;border: 0;&#8221; src=&#8221;&#8220;https:\/\/www.google.com\/maps\/embed?pb=!1m22!1m8!1m3!1d3919.6912281803093!2d106.68579641480059!3d10.758263092333845!3m2!1i1024!2i768!4f13.1!4m11!3e6!4m3!3m2!1d10.757144499999999!2d106.6880844!4m5!1s0x317529d278a7dc4b%3A0xc55183fc8bd3afeb!2ss%20creative!3m2!1d10.7593207!2d106.68805239999999!5e0!3m2!1svi!2s!4v1617080751879!5m2!1svi!2s&#8220;&#8221; width=&#8221;&#8220;600&#8220;&#8221; height=&#8221;&#8220;450&#8220;&#8221; image=&#8221;766&#8243;][wr_vc_coninfo title=&#8221;ADDRESS&#8221; deatils=&#8221;328 Vo Van Kiet St, Co Giang Ward, District 1, Ho Chi Minh City, Vietnam&#8221; style=&#8221;&#8220;border: 0;&#8221; src=&#8221;&#8220;https:\/\/www.google.com\/maps\/embed?pb=!1m22!1m8!1m3!1d3919.6912281803093!2d106.68579641480059!3d10.758263092333845!3m2!1i1024!2i768!4f13.1!4m11!3e6!4m3!3m2!1d10.757144499999999!2d106.6880844!4m5!1s0x317529d278a7dc4b%3A0xc55183fc8bd3afeb!2ss%20creative!3m2!1d10.7593207!2d106.68805239999999!5e0!3m2!1svi!2s!4v1617080751879!5m2!1svi!2s&#8220;&#8221; width=&#8221;&#8220;600&#8220;&#8221; height=&#8221;&#8220;450&#8220;&#8221;][wr_vc_coninfo title=&#8221;PHONE&#8221; deatils=&#8221;+(84) 903.701.075&#8243;][wr_vc_coninfo [&hellip;]<\/p>\n","protected":false},"author":1,"featured_media":0,"parent":0,"menu_order":0,"comment_status":"closed","ping_status":"closed","template":"","meta":{"footnotes":""},"_links":{"self":[{"href":"http:\/\/s-creative.vn\/sc2\/index.php\/wp-json\/wp\/v2\/pages\/169"}],"collection":[{"href":"http:\/\/s-creative.vn\/sc2\/index.php\/wp-json\/wp\/v2\/pages"}],"about":[{"href":"http:\/\/s-creative.vn\/sc2\/index.php\/wp-json\/wp\/v2\/types\/page"}],"author":[{"embeddable":true,"href":"http:\/\/s-creative.vn\/sc2\/index.php\/wp-json\/wp\/v2\/users\/1"}],"replies":[{"embeddable":true,"href":"http:\/\/s-creative.vn\/sc2\/index.php\/wp-json\/wp\/v2\/comments?post=169"}],"version-history":[{"count":18,"href":"http:\/\/s-creative.vn\/sc2\/index.php\/wp-json\/wp\/v2\/pages\/169\/revisions"}],"predecessor-version":[{"id":1001,"href":"http:\/\/s-creative.vn\/sc2\/index.php\/wp-json\/wp\/v2\/pages\/169\/revisions\/1001"}],"wp:attachment":[{"href":"http:\/\/s-creative.vn\/sc2\/index.php\/wp-json\/wp\/v2\/media?parent=169"}],"curies":[{"name":"wp","href":"https:\/\/api.w.org\/{rel}","templated":true}]}}